{"id":4,"date":"2021-02-10T11:08:45","date_gmt":"2021-02-10T10:08:45","guid":{"rendered":"http:\/\/kakemonodigital.fr\/index.php\/mesmerize\/"},"modified":"2023-10-25T16:25:00","modified_gmt":"2023-10-25T14:25:00","slug":"mesmerize","status":"publish","type":"page","link":"http:\/\/kakemonodigital.fr\/","title":{"rendered":"Front Page"},"content":{"rendered":"<div  data-label=\"About\" data-id=\"about--2\" data-export-id=\"about-9\" data-category=\"about\" class=\"about-9 content-section content-section-spacing\" id=\"about-2\" style=\"background-color: rgb(245, 250, 253);\"><div  class=\"gridContainer\"> <div  class=\"row middle-sm text-center\"><div  class=\"col-sm-5 space-bottom-xs content-column content-right-sm\" data-type=\"column\"> <h5  class=\"\">Festival<\/h5> <h2  class=\"\">Des \u00e9crans sur sc\u00e8ne<br ><font  face=\"Playfair Display, sans-serif\"><b ><i >une vraie plus value\r\n<\/i><\/b><\/font>pour votre \u00e9v\u00e9nement<\/h2> <p  class=\"\">\u00c0 la recherche d\u2019une fa\u00e7on innovante de captiver votre public et de donner vie \u00e0 votre \u00e9v\u00e9nement ? \r\n<br ><br >Ne cherchez pas plus loin ! \r\n<br ><br >Nos \u00e9crans LED de haute qualit\u00e9, avec un pitch de 3 mm et \r\n<br >une taille&nbsp;de 57 cm x 192 cm, qui peuvent s\u2019associer jusqu\u2019\u00e0 10 pour former un \u00e9cran de 5m70 par 2m de hauteur,\r\n<br >sont la solution id\u00e9ale pour ajouter une touche de dynamisme\r\n<br >\u00e0 votre occasion sp\u00e9ciale.<\/p> <a class=\"button color3\" href=\"#\" target=\"_self\" data-cp-link=\"1\" data-icon=\"\" rel=\"noopener\">Nous contacter<\/a><\/div> <div  class=\"col-sm-7 flexbox flexbox middle-xs center-xs space-bottom-xs\"><div  class=\"overlay-box flexbox middle-xs center-xs overlay-holder \"> <div  class=\"overlay-box-offset offset-background shadow-medium bg-color2 hide-xs\"><\/div> <img  decoding=\"async\" class=\"flexbox shadow-large img1\" src=\"http:\/\/kakemonodigital.fr\/wp-content\/uploads\/2023\/10\/cropped-photo_2023-10-24-09.16.24.jpeg\" data-size=\"600x400\" title=\"cropped-photo_2023-10-24-09.16.24.jpeg\" alt=\"\"><\/div> <\/div><\/div> <\/div><\/div>","protected":false},"excerpt":{"rendered":"<p>Festival Des \u00e9crans sur sc\u00e8neune vraie plus value pour votre \u00e9v\u00e9nement \u00c0 la recherche d\u2019une fa\u00e7on innovante de captiver votre public et de donner vie \u00e0 votre \u00e9v\u00e9nement ? Ne cherchez pas plus loin ! Nos \u00e9crans LED de haute qualit\u00e9, avec un pitch de 3 mm et une taille&nbsp;de 57 cm x 192 cm,&hellip; <br \/> <a class=\"read-more\" href=\"http:\/\/kakemonodigital.fr\/\">Lire la suite<\/a><\/p>\n","protected":false},"author":1,"featured_media":0,"parent":0,"menu_order":0,"comment_status":"closed","ping_status":"closed","template":"page-templates\/homepage.php","meta":{"footnotes":""},"_links":{"self":[{"href":"http:\/\/kakemonodigital.fr\/index.php\/wp-json\/wp\/v2\/pages\/4"}],"collection":[{"href":"http:\/\/kakemonodigital.fr\/index.php\/wp-json\/wp\/v2\/pages"}],"about":[{"href":"http:\/\/kakemonodigital.fr\/index.php\/wp-json\/wp\/v2\/types\/page"}],"author":[{"embeddable":true,"href":"http:\/\/kakemonodigital.fr\/index.php\/wp-json\/wp\/v2\/users\/1"}],"replies":[{"embeddable":true,"href":"http:\/\/kakemonodigital.fr\/index.php\/wp-json\/wp\/v2\/comments?post=4"}],"version-history":[{"count":3,"href":"http:\/\/kakemonodigital.fr\/index.php\/wp-json\/wp\/v2\/pages\/4\/revisions"}],"predecessor-version":[{"id":54,"href":"http:\/\/kakemonodigital.fr\/index.php\/wp-json\/wp\/v2\/pages\/4\/revisions\/54"}],"wp:attachment":[{"href":"http:\/\/kakemonodigital.fr\/index.php\/wp-json\/wp\/v2\/media?parent=4"}],"curies":[{"name":"wp","href":"https:\/\/api.w.org\/{rel}","templated":true}]}}